{"id":898,"date":"2023-03-05T09:00:44","date_gmt":"2023-03-05T08:00:44","guid":{"rendered":"https:\/\/lasonietta.com\/politica-de-cookies\/"},"modified":"2023-03-06T09:08:51","modified_gmt":"2023-03-06T08:08:51","slug":"politica-de-cookies","status":"publish","type":"page","link":"https:\/\/lasonietta.com\/ca\/politica-de-cookies\/","title":{"rendered":"Pol\u00edtica de cookies"},"content":{"rendered":"\t\t<div data-elementor-type=\"wp-page\" data-elementor-id=\"898\" class=\"elementor elementor-898 elementor-896\" data-elementor-post-type=\"page\">\n\t\t\t\t<div class=\"elementor-element elementor-element-a7f2d2a e-flex e-con-boxed e-con e-parent\" data-id=\"a7f2d2a\" data-element_type=\"container\" data-settings=\"{&quot;jet_parallax_layout_list&quot;:[]}\">\n\t\t\t\t\t<div class=\"e-con-inner\">\n\t\t\t\t<div class=\"elementor-element elementor-element-6b5cde7 elementor-widget elementor-widget-text-editor\" data-id=\"6b5cde7\" data-element_type=\"widget\" data-widget_type=\"text-editor.default\">\n\t\t\t\t<div class=\"elementor-widget-container\">\n\t\t\t<style>\/*! elementor - v3.21.0 - 15-04-2024 *\/\n.elementor-widget-text-editor.elementor-drop-cap-view-stacked .elementor-drop-cap{background-color:#69727d;color:#fff}.elementor-widget-text-editor.elementor-drop-cap-view-framed .elementor-drop-cap{color:#69727d;border:3px solid;background-color:transparent}.elementor-widget-text-editor:not(.elementor-drop-cap-view-default) .elementor-drop-cap{margin-top:8px}.elementor-widget-text-editor:not(.elementor-drop-cap-view-default) .elementor-drop-cap-letter{width:1em;height:1em}.elementor-widget-text-editor .elementor-drop-cap{float:left;text-align:center;line-height:1;font-size:50px}.elementor-widget-text-editor .elementor-drop-cap-letter{display:inline-block}<\/style>\t\t\t\t<h5><b>Pol\u00edtica de cookies<\/b><\/h5>\n<p>Una <em>cookie<\/em> \u00e9s un fitxer petit que s\u2019emmagatzema al teu navegador quan visites la majoria de les p\u00e0gines web. Serveix perqu\u00e8 el web sigui capa\u00e7 de recordar la teva visita quan tornis a navegar per aquella p\u00e0gina. Les <em>cookies<\/em> acostumen a emmagatzemar informaci\u00f3 de car\u00e0cter t\u00e8cnic, prefer\u00e8ncies personals, personalitzaci\u00f3 de continguts, estad\u00edstiques d\u2019\u00fas, enlla\u00e7os a les xarxes socials, acc\u00e9s a comptes d\u2019usuari, etc. L\u2019objectiu de la <em>cookie<\/em> \u00e9s adaptar el contingut del web al teu perfil o necessitats, sense <em>cookies<\/em> els serveis oferts per qualsevol p\u00e0gina es veurien redu\u00efts notablement. Si desitges consultar m\u00e9s informaci\u00f3 sobre les <em>cookies,<\/em> qu\u00e8 emmagatzemem, com eliminar-les, desactivar-les, etc.&nbsp;<\/p>\n<p><strong>Cookies utilitzades per aquest lloc web<\/strong><\/p>\n<p>Seguint les directrius de l\u2019Ag\u00e8ncia Espanyola de Protecci\u00f3 de Dades procedim a detallar l\u2019\u00fas de cookies que fa aquest web amb la finalitat d\u2019informar-te amb la m\u00e0xima exactitud possible.<\/p>\n<p>Aquest web utilitza les seg\u00fcents cookies pr\u00f2pies:<\/p>\n<p>Cookies de sessi\u00f3, per garantir que els ususaris que escriuren comentaris al bloc siguin humans i no aplicacions automatitzades. D\u2019aquesta manera es combat l\u2019<em>spam. <\/em><\/p>\n<table>\n<tbody>\n<tr>\n<td>\n<p>Nom de la <em>cookie<\/em><\/p>\n<\/td>\n<td>\n<p>Mena de <em>cookie<\/em><\/p>\n<\/td>\n<td>\n<p>Prop\u00f2sit de la <em>cookie<\/em><\/p>\n<\/td>\n<\/tr>\n<tr>\n<td>\n<p>PHPSESSID<\/p>\n<\/td>\n<td>\n<p>Sessi\u00f3<\/p>\n<\/td>\n<td>\n<p>Aquesta <em>cookie<\/em> s\u2019empra per al llenguatge encriptat PHP per permetre que les variables de SESSI\u00d3 es guardin al servidor web. Aquesta <em>cookie<\/em> \u00e9s essencial per al funcionament del web.<\/p>\n<\/td>\n<\/tr>\n<tr>\n<td>\n<p>_utma, _utmb,<br>_ubmc,<\/p>\n<p>_utmz<\/p>\n<\/td>\n<td>\n<p>Duradora<\/p>\n<\/td>\n<td>\n<p>Aquestes <em>cookies <\/em>s\u00f3n establertes per Google Analytics per rastrejar l\u2019\u00fas del web. Aquestes <em>cookies<\/em> no s\u2019estableixen si desconnectes <em>cookies<\/em> per a aquest lloc web.<\/p>\n<\/td>\n<\/tr>\n<\/tbody>\n<\/table>\n<p>Aquest web utilitza les seg\u00fcents cookies de tercers:<\/p>\n<p><strong>Google Analytics<\/strong>: Emmagatzema <em>cookies<\/em> per poder elaborar estad\u00edstiques sobre el tr\u00e0fic i el volum de visites d\u2019aquest web. Utilitzant aquest lloc web est\u00e0s consentint el tractament d\u2019informaci\u00f3 sobre tu per Google. En conseq\u00fc\u00e8ncia, l\u2019exercici de qualsevol dret en aquest sentit l\u2019haur\u00e0s de fer directament amb Google.<\/p>\n<p>Xarxes socials: Cada xarxa social utilitza les seves pr\u00f2pies cookies perqu\u00e8 puguis fer clic als botons del tipus M\u2019agrada o Compartir.<\/p>\n<ul>\n<li>Facebook<\/li>\n<li>Instagram<\/li>\n<li>Linkedin<\/li>\n<li>Youtube<\/li>\n<li>Twitter<\/li>\n<li>Tik Tok<\/li>\n<\/ul>\n<div><br><\/div>\n<p><strong>Metricool:<\/strong> L\u2019aplicatiu d\u2019aquesta empresa emmagatzema <em>cookies<\/em> als seus servidors amb la finalitat d\u2019analitzar i entendre la forma en qu\u00e8 els visitants naveguen a la p\u00e0gina web. El servei de Metricool permet saber quines p\u00e0gines del web han visitat els usuaris, quins botons han premut i quins enlla\u00e7os. Tamb\u00e9 ofereix informaci\u00f3 geogr\u00e0fica estimada de baixa precisi\u00f3. No es recopilen dades personals com ara la IP, nom de l\u2019usuari, correu electr\u00f2nic o n\u00famero de tel\u00e8fon, a no ser que el visitant hagi donat el seu consentiment expr\u00e9s.<\/p>\n<p>Desactivaci\u00f3 o eliminaci\u00f3 de <em>cookies<\/em><\/p>\n<p>En qualsevol moment podr\u00e0 exercir el dret de desactivaci\u00f3 o eliminaci\u00f3 de <em>cookies<\/em> d\u2019aquest lloc web. Aquestes accions es duen a terme d\u2019una manera diferent en funci\u00f3 dels navegadors que estigui fent servir.&nbsp;<\/p>\n<p><\/p>\n<p>Notes addicionals:<\/p>\n<p>Ni aquest web ni els seus representants legals es fan responsables ni del contingut ni de la veracitat de les pol\u00edtiques de privacitat que puguin tenir els tercers esmentats en aquesta pol\u00edtica de <em>cookies.<\/em><\/p>\n<p>Els navegadors web s\u00f3n les eines encarregades d\u2019emmagatzemar <em>cookies<\/em> i des d\u2019aquest lloc web d\u2019efectuar el teu dret a l\u2019eliminaci\u00f3 o desactivaci\u00f3 d\u2019aquestes. Ni aquest web ni els seus representants legals poden garantir la correcta o incorrecta manipulaci\u00f3 de les <em>cookies<\/em> per part d\u2019aquests navegadors.<\/p>\n<p>En alguns casos \u00e9s necessari instal\u00b7lar cookies perqu\u00e8 el navegador no oblidi la seva decisi\u00f3 de no acceptaci\u00f3 d\u2019aquestes.<\/p>\n<p>En el cas de les <em>cookies<\/em> de Google Analytics, aquesta empresa emmagatzema les <em>cookies<\/em> als servidors als Estats Units i es compromet a no compartir-la amb tercers, a excepci\u00f3 dels casos en qu\u00e8 sigui necessari per al funcionament del sistema o quan la llei obligui a aquest efecte. Segons Google, no es guarda la teva adre\u00e7a IP. Si desitges informaci\u00f3 sobre l\u2019\u00fas que Google fa sobre les <em>cookies<\/em>, adjuntem <a href=\"mailto:https:\/\/developers.google.com\/analytics\/devguides\/collection\/analyticsjs\/cookie-usage?hl=es&amp;csw=1\"><strong>aquest enlla\u00e7<\/strong><\/a> <strong>(1)<\/strong><\/p>\n<p>Aquesta p\u00e0gina web utilitza els serveis de Metricool. L\u2019aplicatiu d\u2019aquesta empresa emmagatzema <em>cookies<\/em> als seus servidors amb la finalitat d\u2019analitzar i entendre la forma en qu\u00e8 els visitants naveguen a la p\u00e0gina web. El servei de Metricool permet saber quines p\u00e0gines del web han visitat els usuaris, quins botons han premut i quins enlla\u00e7os. Tamb\u00e9 facilita informaci\u00f3 geogr\u00e0fica estimada de baixa precisi\u00f3. No es recopilen dades personals com la IP, el nom d\u2019usuari, el correu electr\u00f2nic o el n\u00famero de tel\u00e8fon, a no ser que el visitant hagi donat el seu consentiment expr\u00e9s.<\/p>\n<p>Pots ampliar la informaci\u00f3 sobre la pol\u00edtica de privacitat ne Metricool en <a href=\"mailto:(2)%09https:\/\/metricool.com\/es\/politica-de-cookies\/\"><strong>aquest enlla\u00e7<\/strong><\/a><strong> (2).<\/strong><\/p>\n<p><\/p>\n<ul>\n<li><a href=\"https:\/\/developers.google.com\/analytics\/devguides\/collection\/analyticsjs\/cookie-usage?hl=es&amp;csw=1\">https:\/\/developers.google.com\/analytics\/devguides\/collection\/analyticsjs\/cookie-usage?hl=es&amp;csw=1<\/a><\/li>\n<li><a href=\"https:\/\/metricool.com\/es\/politica-de-cookies\/\">https:\/\/metricool.com\/es\/politica-de-cookies\/<\/a><\/li>\n<\/ul>\t\t\t\t\t\t<\/div>\n\t\t\t\t<\/div>\n\t\t\t\t\t<\/div>\n\t\t\t\t<\/div>\n\t\t\t\t<\/div>\n\t\t","protected":false},"excerpt":{"rendered":"<p>Pol\u00edtica de cookies Una cookie \u00e9s un fitxer petit que s\u2019emmagatzema al teu navegador quan visites la majoria de les p\u00e0gines web. Serveix perqu\u00e8 el web sigui capa\u00e7 de recordar la teva visita quan tornis a navegar per aquella p\u00e0gina. Les cookies acostumen a emmagatzemar informaci\u00f3 de car\u00e0cter t\u00e8cnic, prefer\u00e8ncies personals, personalitzaci\u00f3 de continguts, estad\u00edstiques [&hellip;]<\/p>\n","protected":false},"author":1,"featured_media":0,"parent":0,"menu_order":0,"comment_status":"closed","ping_status":"closed","template":"","meta":{"footnotes":""},"class_list":["post-898","page","type-page","status-publish","hentry"],"_links":{"self":[{"href":"https:\/\/lasonietta.com\/ca\/wp-json\/wp\/v2\/pages\/898","targetHints":{"allow":["GET"]}}],"collection":[{"href":"https:\/\/lasonietta.com\/ca\/wp-json\/wp\/v2\/pages"}],"about":[{"href":"https:\/\/lasonietta.com\/ca\/wp-json\/wp\/v2\/types\/page"}],"author":[{"embeddable":true,"href":"https:\/\/lasonietta.com\/ca\/wp-json\/wp\/v2\/users\/1"}],"replies":[{"embeddable":true,"href":"https:\/\/lasonietta.com\/ca\/wp-json\/wp\/v2\/comments?post=898"}],"version-history":[{"count":15,"href":"https:\/\/lasonietta.com\/ca\/wp-json\/wp\/v2\/pages\/898\/revisions"}],"predecessor-version":[{"id":924,"href":"https:\/\/lasonietta.com\/ca\/wp-json\/wp\/v2\/pages\/898\/revisions\/924"}],"wp:attachment":[{"href":"https:\/\/lasonietta.com\/ca\/wp-json\/wp\/v2\/media?parent=898"}],"curies":[{"name":"wp","href":"https:\/\/api.w.org\/{rel}","templated":true}]}}